{"id":41,"date":"2025-08-19T21:35:42","date_gmt":"2025-08-19T20:35:42","guid":{"rendered":"https:\/\/gnet.ba\/?page_id=41"},"modified":"2025-08-19T21:38:45","modified_gmt":"2025-08-19T20:38:45","slug":"o-nama","status":"publish","type":"page","link":"https:\/\/gnet.ba\/index.php\/o-nama\/","title":{"rendered":"O NAMA"},"content":{"rendered":"\n<div class=\"wp-block-group alignfull has-accent-background-color has-background has-global-padding is-layout-constrained wp-container-core-group-is-layout-669513ed wp-block-group-is-layout-constrained\" style=\"margin-top:0;margin-bottom:0;padding-top:var(--wp--preset--spacing--50);padding-right:var(--wp--preset--spacing--50);padding-bottom:var(--wp--preset--spacing--50);padding-left:var(--wp--preset--spacing--50)\">\n<div class=\"wp-block-columns alignwide is-layout-flex wp-container-core-columns-is-layout-1da03c2a wp-block-columns-is-layout-flex\">\n<div class=\"wp-block-column is-vertically-aligned-stretch is-layout-flow wp-block-column-is-layout-flow\" style=\"flex-basis:50%\">\n<div class=\"wp-block-group is-vertical is-content-justification-stretch is-layout-flex wp-container-core-group-is-layout-444d5ee8 wp-block-group-is-layout-flex\" style=\"min-height:100%\">\n<div class=\"wp-block-group has-global-padding is-content-justification-left is-layout-constrained wp-container-core-group-is-layout-74cbbf86 wp-block-group-is-layout-constrained\">\n<p class=\"wp-container-content-0733e5d0\"><strong>G-net d.o.o.<\/strong>&nbsp;je firma specijalizirana za pru\u017eanje usluga ugradnje, odr\u017eavanja i prodaje sigurnosnih i komunikacijskih sustava. Osnovani smo 2024. godine sa sjedi\u0161tem u Alibegovcima br. 2, te smo od tada posve\u0107eni pru\u017eanju vrhunskih usluga na\u0161im klijentima. Na\u0161a ponuda uklju\u010duje video nadzor, alarmne sisteme, antenske sisteme, video interfone, mre\u017ene instalacije i klimatizacijske sisteme, kao i prodaju opreme za iste.<\/p>\n\n\n\n<p><strong>Na\u0161a Vizija<\/strong><\/p>\n\n\n\n<p>Na\u0161a vizija je postati lider na tr\u017ei\u0161tu sigurnosnih i komunikacijskih sustava, prepoznatljiv po visokoj kvaliteti usluga i zadovoljstvu klijenata. Te\u017eimo stvaranju sigurnijeg i povezanijeg okru\u017eenja kroz inovativna rje\u0161enja koja odgovaraju na specifi\u010dne potrebe svakog klijenta.<\/p>\n\n\n\n<p><strong>Na\u0161a Misija<\/strong><\/p>\n\n\n\n<p>Na\u0161a misija je pru\u017eiti vrhunske usluge ugradnje, odr\u017eavanja i prodaje sigurnosnih i komunikacijskih sustava. Kroz stalno usavr\u0161avanje, pra\u0107enje najnovijih tehnologija i predanost kvaliteti, nastojimo nadma\u0161iti o\u010dekivanja na\u0161ih klijenata i osigurati njihovu dugoro\u010dnu sigurnost i zadovoljstvo.<\/p>\n\n\n\n<p><strong>Na\u0161 Tim<\/strong><\/p>\n\n\n\n<p class=\"wp-container-content-0733e5d0\">Otvoreni smo za va\u0161e ideje i va\u0161a o\u010dekivanja. Zahvalni smo za svaku korisnu primjedbu koja nam poma\u017ee raditi bolje. Kao rezultat takvog otvorenog i profesionalnog pristupa, iz dana u dan pobolj\u0161avamo na\u0161e poslovne procese. Na\u0161 tim je predan stalnom napretku i prilagodbi, kako bismo uvijek bili u korak s potrebama na\u0161ih klijenata i pru\u017eili im najbolja mogu\u0107a rje\u0161enja.<\/p>\n\n\n\n<div class=\"wp-block-buttons is-layout-flex wp-block-buttons-is-layout-flex\">\n<div class=\"wp-block-button\"><a class=\"wp-block-button__link wp-element-button\" href=\"https:\/\/gnet.ba\/index.php\/kontakt\/\">KONTAKTIRAJTE NAS<\/a><\/div>\n<\/div>\n<\/div>\n<\/div>\n<\/div>\n\n\n\n<div class=\"wp-block-column is-layout-flow wp-block-column-is-layout-flow\">\n<figure class=\"wp-block-image size-large is-resized\"><img loading=\"lazy\" decoding=\"async\" width=\"1024\" height=\"655\" src=\"https:\/\/gnet.ba\/wp-content\/uploads\/2025\/08\/tempImageJwYjm1-1024x655.jpeg\" alt=\"\" class=\"wp-image-12\" style=\"aspect-ratio:0.5625;object-fit:cover;width:505px;height:auto\" srcset=\"https:\/\/gnet.ba\/wp-content\/uploads\/2025\/08\/tempImageJwYjm1-1024x655.jpeg 1024w, https:\/\/gnet.ba\/wp-content\/uploads\/2025\/08\/tempImageJwYjm1-300x192.jpeg 300w, https:\/\/gnet.ba\/wp-content\/uploads\/2025\/08\/tempImageJwYjm1-768x491.jpeg 768w, https:\/\/gnet.ba\/wp-content\/uploads\/2025\/08\/tempImageJwYjm1.jpeg 1500w\" sizes=\"auto, (max-width: 1024px) 100vw, 1024px\" \/><\/figure>\n<\/div>\n\n\n\n<div class=\"wp-block-column is-vertically-aligned-center is-layout-flow wp-block-column-is-layout-flow\" style=\"flex-basis:50%\"><\/div>\n<\/div>\n<\/div>\n","protected":false},"excerpt":{"rendered":"<p>G-net d.o.o.&nbsp;je firma specijalizirana za pru\u017eanje usluga ugradnje, odr\u017eavanja i prodaje sigurnosnih i komunikacijskih sustava. Osnovani smo 2024. godine sa sjedi\u0161tem u Alibegovcima br. 2, te smo od tada posve\u0107eni pru\u017eanju vrhunskih usluga na\u0161im klijentima. Na\u0161a ponuda uklju\u010duje video nadzor, alarmne sisteme, antenske sisteme, video interfone, mre\u017ene instalacije i klimatizacijske sisteme, kao i prodaju opreme [&hellip;]<\/p>\n","protected":false},"author":1,"featured_media":0,"parent":0,"menu_order":0,"comment_status":"closed","ping_status":"closed","template":"","meta":{"footnotes":""},"class_list":["post-41","page","type-page","status-publish","hentry"],"yoast_head":"<!-- This site is optimized with the Yoast SEO plugin v27.3 - https:\/\/yoast.com\/product\/yoast-seo-wordpress\/ -->\n<title>O NAMA - GNET.BA<\/title>\n<meta name=\"robots\" content=\"index, follow, max-snippet:-1, max-image-preview:large, max-video-preview:-1\" \/>\n<link rel=\"canonical\" href=\"https:\/\/gnet.ba\/index.php\/o-nama\/\" \/>\n<meta property=\"og:locale\" content=\"en_US\" \/>\n<meta property=\"og:type\" content=\"article\" \/>\n<meta property=\"og:title\" content=\"O NAMA - GNET.BA\" \/>\n<meta property=\"og:description\" content=\"G-net d.o.o.&nbsp;je firma specijalizirana za pru\u017eanje usluga ugradnje, odr\u017eavanja i prodaje sigurnosnih i komunikacijskih sustava. Osnovani smo 2024. godine sa sjedi\u0161tem u Alibegovcima br. 2, te smo od tada posve\u0107eni pru\u017eanju vrhunskih usluga na\u0161im klijentima. Na\u0161a ponuda uklju\u010duje video nadzor, alarmne sisteme, antenske sisteme, video interfone, mre\u017ene instalacije i klimatizacijske sisteme, kao i prodaju opreme [&hellip;]\" \/>\n<meta property=\"og:url\" content=\"https:\/\/gnet.ba\/index.php\/o-nama\/\" \/>\n<meta property=\"og:site_name\" content=\"GNET.BA\" \/>\n<meta property=\"article:modified_time\" content=\"2025-08-19T20:38:45+00:00\" \/>\n<meta property=\"og:image\" content=\"https:\/\/gnet.ba\/wp-content\/uploads\/2025\/08\/tempImageJwYjm1.jpeg\" \/>\n\t<meta property=\"og:image:width\" content=\"1500\" \/>\n\t<meta property=\"og:image:height\" content=\"959\" \/>\n\t<meta property=\"og:image:type\" content=\"image\/jpeg\" \/>\n<meta name=\"twitter:card\" content=\"summary_large_image\" \/>\n<meta name=\"twitter:label1\" content=\"Est. reading time\" \/>\n\t<meta name=\"twitter:data1\" content=\"2 minutes\" \/>\n<script type=\"application\/ld+json\" class=\"yoast-schema-graph\">{\"@context\":\"https:\\\/\\\/schema.org\",\"@graph\":[{\"@type\":\"WebPage\",\"@id\":\"https:\\\/\\\/gnet.ba\\\/index.php\\\/o-nama\\\/\",\"url\":\"https:\\\/\\\/gnet.ba\\\/index.php\\\/o-nama\\\/\",\"name\":\"O NAMA - GNET.BA\",\"isPartOf\":{\"@id\":\"https:\\\/\\\/gnet.ba\\\/#website\"},\"primaryImageOfPage\":{\"@id\":\"https:\\\/\\\/gnet.ba\\\/index.php\\\/o-nama\\\/#primaryimage\"},\"image\":{\"@id\":\"https:\\\/\\\/gnet.ba\\\/index.php\\\/o-nama\\\/#primaryimage\"},\"thumbnailUrl\":\"https:\\\/\\\/gnet.ba\\\/wp-content\\\/uploads\\\/2025\\\/08\\\/tempImageJwYjm1-1024x655.jpeg\",\"datePublished\":\"2025-08-19T20:35:42+00:00\",\"dateModified\":\"2025-08-19T20:38:45+00:00\",\"breadcrumb\":{\"@id\":\"https:\\\/\\\/gnet.ba\\\/index.php\\\/o-nama\\\/#breadcrumb\"},\"inLanguage\":\"en-US\",\"potentialAction\":[{\"@type\":\"ReadAction\",\"target\":[\"https:\\\/\\\/gnet.ba\\\/index.php\\\/o-nama\\\/\"]}]},{\"@type\":\"ImageObject\",\"inLanguage\":\"en-US\",\"@id\":\"https:\\\/\\\/gnet.ba\\\/index.php\\\/o-nama\\\/#primaryimage\",\"url\":\"https:\\\/\\\/gnet.ba\\\/wp-content\\\/uploads\\\/2025\\\/08\\\/tempImageJwYjm1.jpeg\",\"contentUrl\":\"https:\\\/\\\/gnet.ba\\\/wp-content\\\/uploads\\\/2025\\\/08\\\/tempImageJwYjm1.jpeg\",\"width\":1500,\"height\":959},{\"@type\":\"BreadcrumbList\",\"@id\":\"https:\\\/\\\/gnet.ba\\\/index.php\\\/o-nama\\\/#breadcrumb\",\"itemListElement\":[{\"@type\":\"ListItem\",\"position\":1,\"name\":\"Home\",\"item\":\"https:\\\/\\\/gnet.ba\\\/\"},{\"@type\":\"ListItem\",\"position\":2,\"name\":\"O NAMA\"}]},{\"@type\":\"WebSite\",\"@id\":\"https:\\\/\\\/gnet.ba\\\/#website\",\"url\":\"https:\\\/\\\/gnet.ba\\\/\",\"name\":\"GNET.BA\",\"description\":\"Za bezbri\u017ean dom \u2013 sigurnost i udobnost u svakom trenutku.\",\"publisher\":{\"@id\":\"https:\\\/\\\/gnet.ba\\\/#organization\"},\"potentialAction\":[{\"@type\":\"SearchAction\",\"target\":{\"@type\":\"EntryPoint\",\"urlTemplate\":\"https:\\\/\\\/gnet.ba\\\/?s={search_term_string}\"},\"query-input\":{\"@type\":\"PropertyValueSpecification\",\"valueRequired\":true,\"valueName\":\"search_term_string\"}}],\"inLanguage\":\"en-US\"},{\"@type\":\"Organization\",\"@id\":\"https:\\\/\\\/gnet.ba\\\/#organization\",\"name\":\"GNET.BA\",\"url\":\"https:\\\/\\\/gnet.ba\\\/\",\"logo\":{\"@type\":\"ImageObject\",\"inLanguage\":\"en-US\",\"@id\":\"https:\\\/\\\/gnet.ba\\\/#\\\/schema\\\/logo\\\/image\\\/\",\"url\":\"https:\\\/\\\/gnet.ba\\\/wp-content\\\/uploads\\\/2025\\\/08\\\/cropped-IMG_5438.png\",\"contentUrl\":\"https:\\\/\\\/gnet.ba\\\/wp-content\\\/uploads\\\/2025\\\/08\\\/cropped-IMG_5438.png\",\"width\":512,\"height\":512,\"caption\":\"GNET.BA\"},\"image\":{\"@id\":\"https:\\\/\\\/gnet.ba\\\/#\\\/schema\\\/logo\\\/image\\\/\"}}]}<\/script>\n<!-- \/ Yoast SEO plugin. -->","yoast_head_json":{"title":"O NAMA - GNET.BA","robots":{"index":"index","follow":"follow","max-snippet":"max-snippet:-1","max-image-preview":"max-image-preview:large","max-video-preview":"max-video-preview:-1"},"canonical":"https:\/\/gnet.ba\/index.php\/o-nama\/","og_locale":"en_US","og_type":"article","og_title":"O NAMA - GNET.BA","og_description":"G-net d.o.o.&nbsp;je firma specijalizirana za pru\u017eanje usluga ugradnje, odr\u017eavanja i prodaje sigurnosnih i komunikacijskih sustava. Osnovani smo 2024. godine sa sjedi\u0161tem u Alibegovcima br. 2, te smo od tada posve\u0107eni pru\u017eanju vrhunskih usluga na\u0161im klijentima. Na\u0161a ponuda uklju\u010duje video nadzor, alarmne sisteme, antenske sisteme, video interfone, mre\u017ene instalacije i klimatizacijske sisteme, kao i prodaju opreme [&hellip;]","og_url":"https:\/\/gnet.ba\/index.php\/o-nama\/","og_site_name":"GNET.BA","article_modified_time":"2025-08-19T20:38:45+00:00","og_image":[{"width":1500,"height":959,"url":"https:\/\/gnet.ba\/wp-content\/uploads\/2025\/08\/tempImageJwYjm1.jpeg","type":"image\/jpeg"}],"twitter_card":"summary_large_image","twitter_misc":{"Est. reading time":"2 minutes"},"schema":{"@context":"https:\/\/schema.org","@graph":[{"@type":"WebPage","@id":"https:\/\/gnet.ba\/index.php\/o-nama\/","url":"https:\/\/gnet.ba\/index.php\/o-nama\/","name":"O NAMA - GNET.BA","isPartOf":{"@id":"https:\/\/gnet.ba\/#website"},"primaryImageOfPage":{"@id":"https:\/\/gnet.ba\/index.php\/o-nama\/#primaryimage"},"image":{"@id":"https:\/\/gnet.ba\/index.php\/o-nama\/#primaryimage"},"thumbnailUrl":"https:\/\/gnet.ba\/wp-content\/uploads\/2025\/08\/tempImageJwYjm1-1024x655.jpeg","datePublished":"2025-08-19T20:35:42+00:00","dateModified":"2025-08-19T20:38:45+00:00","breadcrumb":{"@id":"https:\/\/gnet.ba\/index.php\/o-nama\/#breadcrumb"},"inLanguage":"en-US","potentialAction":[{"@type":"ReadAction","target":["https:\/\/gnet.ba\/index.php\/o-nama\/"]}]},{"@type":"ImageObject","inLanguage":"en-US","@id":"https:\/\/gnet.ba\/index.php\/o-nama\/#primaryimage","url":"https:\/\/gnet.ba\/wp-content\/uploads\/2025\/08\/tempImageJwYjm1.jpeg","contentUrl":"https:\/\/gnet.ba\/wp-content\/uploads\/2025\/08\/tempImageJwYjm1.jpeg","width":1500,"height":959},{"@type":"BreadcrumbList","@id":"https:\/\/gnet.ba\/index.php\/o-nama\/#breadcrumb","itemListElement":[{"@type":"ListItem","position":1,"name":"Home","item":"https:\/\/gnet.ba\/"},{"@type":"ListItem","position":2,"name":"O NAMA"}]},{"@type":"WebSite","@id":"https:\/\/gnet.ba\/#website","url":"https:\/\/gnet.ba\/","name":"GNET.BA","description":"Za bezbri\u017ean dom \u2013 sigurnost i udobnost u svakom trenutku.","publisher":{"@id":"https:\/\/gnet.ba\/#organization"},"potentialAction":[{"@type":"SearchAction","target":{"@type":"EntryPoint","urlTemplate":"https:\/\/gnet.ba\/?s={search_term_string}"},"query-input":{"@type":"PropertyValueSpecification","valueRequired":true,"valueName":"search_term_string"}}],"inLanguage":"en-US"},{"@type":"Organization","@id":"https:\/\/gnet.ba\/#organization","name":"GNET.BA","url":"https:\/\/gnet.ba\/","logo":{"@type":"ImageObject","inLanguage":"en-US","@id":"https:\/\/gnet.ba\/#\/schema\/logo\/image\/","url":"https:\/\/gnet.ba\/wp-content\/uploads\/2025\/08\/cropped-IMG_5438.png","contentUrl":"https:\/\/gnet.ba\/wp-content\/uploads\/2025\/08\/cropped-IMG_5438.png","width":512,"height":512,"caption":"GNET.BA"},"image":{"@id":"https:\/\/gnet.ba\/#\/schema\/logo\/image\/"}}]}},"jetpack_sharing_enabled":true,"_links":{"self":[{"href":"https:\/\/gnet.ba\/index.php\/wp-json\/wp\/v2\/pages\/41","targetHints":{"allow":["GET"]}}],"collection":[{"href":"https:\/\/gnet.ba\/index.php\/wp-json\/wp\/v2\/pages"}],"about":[{"href":"https:\/\/gnet.ba\/index.php\/wp-json\/wp\/v2\/types\/page"}],"author":[{"embeddable":true,"href":"https:\/\/gnet.ba\/index.php\/wp-json\/wp\/v2\/users\/1"}],"replies":[{"embeddable":true,"href":"https:\/\/gnet.ba\/index.php\/wp-json\/wp\/v2\/comments?post=41"}],"version-history":[{"count":2,"href":"https:\/\/gnet.ba\/index.php\/wp-json\/wp\/v2\/pages\/41\/revisions"}],"predecessor-version":[{"id":44,"href":"https:\/\/gnet.ba\/index.php\/wp-json\/wp\/v2\/pages\/41\/revisions\/44"}],"wp:attachment":[{"href":"https:\/\/gnet.ba\/index.php\/wp-json\/wp\/v2\/media?parent=41"}],"curies":[{"name":"wp","href":"https:\/\/api.w.org\/{rel}","templated":true}]}}